{"id":17589,"date":"2018-02-27T14:12:01","date_gmt":"2018-02-27T14:12:01","guid":{"rendered":"http:\/\/brasil.afssite.afs.org\/en\/bolsas-de-intercambio-bp-afs\/"},"modified":"2021-08-30T13:27:35","modified_gmt":"2021-08-30T13:27:35","slug":"bolsas-de-intercambio-bp-afs","status":"publish","type":"page","link":"https:\/\/www.afs.org.br\/en\/bolsas-de-intercambio-bp-afs\/","title":{"rendered":"BP Global STEM Academies"},"content":{"rendered":"<p><strong>Aprenda e cres\u00e7a fazendo: explore a BP Global STEM Academy nas f\u00e9rias de julho!<\/strong><br \/>\nO AFS e a BP fizeram uma parceria para criar a BP Global STEM Academy, um programa de bolsas integrais de estudo no Egito e nos EUA, voltados para ci\u00eancia, tecnologia, engenharia, matem\u00e1tica e suas aplica\u00e7\u00f5es integradas ao desenvolvimento de compet\u00eancias globais fundamentais como habilidades lingu\u00edsticas, adaptabilidade, resolu\u00e7\u00e3o de problemas, colabora\u00e7\u00e3o e habilidade de construir pontes entre culturas.<\/p>\n<p>De 100 participantes no mundo, ser\u00e3o 10 bolsas designadas para o Brasil com a seguinte distribui\u00e7\u00e3o:<br \/>\n\u2022 02 bolsistas de Tropical (Edeia, Porteir\u00e3o, Acre\u00fana, Indiara e Turvel\u00e2ndia, Castel\u00e2ndia e Santa Helena) &#8211; GO;<br \/>\n\u2022 02 bolsistas de Itumbiara (Itumbiara e Cachoeira Dourada) &#8211; GO;<br \/>\n\u2022 02 bolsistas de Ituiutaba (Ituiutaba e Gurinhat\u00e3) &#8211; MG;<br \/>\n\u2022 04 bolsistas do estado do Amap\u00e1;<br \/>\n\u2022 Filhos de funcion\u00e1rios podem se candidatar \u00e0s vagas espec\u00edficas destinadas aos mesmos e podem residir em qualquer localidade do Brasil.<\/p>\n<h3><strong>O prazo de inscri\u00e7\u00e3o \u00e9 dia 04 de mar\u00e7o de 2019.<\/strong><\/h3>\n<p><a href=\"https:\/\/vimeo.com\/306455538\/bcbb670074\">https:\/\/vimeo.com\/306455538\/bcbb670074<\/a><\/p>\n","protected":false},"excerpt":{"rendered":"<p>Aprenda e cres\u00e7a fazendo: explore a BP Global STEM Academy nas f\u00e9rias de julho! O AFS e a BP fizeram&hellip;<\/p>\n","protected":false},"author":240,"featured_media":0,"parent":0,"menu_order":23,"comment_status":"closed","ping_status":"closed","template":"","meta":{"_price":"","_stock":"","_tribe_ticket_header":"","_tribe_default_ticket_provider":"","_tribe_ticket_capacity":"0","_ticket_start_date":"","_ticket_end_date":"","_tribe_ticket_show_description":"","_tribe_ticket_show_not_going":false,"_tribe_ticket_use_global_stock":"","_tribe_ticket_global_stock_level":"","_global_stock_mode":"","_global_stock_cap":"","_tribe_rsvp_for_event":"","_tribe_ticket_going_count":"","_tribe_ticket_not_going_count":"","_tribe_tickets_list":"[]","_tribe_ticket_has_attendee_info_fields":false,"footnotes":"","_tec_slr_enabled":"","_tec_slr_layout":""},"class_list":["post-17589","page","type-page","status-publish","hentry"],"yoast_head":"<!-- This site is optimized with the Yoast SEO Premium plugin v26.6 (Yoast SEO v26.6) - https:\/\/yoast.com\/wordpress\/plugins\/seo\/ -->\n<title>BP Global STEM Academies - AFS Intercultura Brasil<\/title>\n<meta name=\"robots\" content=\"index, follow, max-snippet:-1, max-image-preview:large, max-video-preview:-1\" \/>\n<link rel=\"canonical\" href=\"https:\/\/www.afs.org.br\/en\/bolsas-de-intercambio-bp-afs\/\" \/>\n<meta property=\"og:locale\" content=\"en_US\" \/>\n<meta property=\"og:type\" content=\"article\" \/>\n<meta property=\"og:title\" content=\"BP Global STEM Academies\" \/>\n<meta property=\"og:description\" content=\"Aprenda e cres\u00e7a fazendo: explore a BP Global STEM Academy nas f\u00e9rias de julho! O AFS e a BP fizeram&hellip;\" \/>\n<meta property=\"og:url\" content=\"https:\/\/www.afs.org.br\/en\/bolsas-de-intercambio-bp-afs\/\" \/>\n<meta property=\"og:site_name\" content=\"AFS Intercultura Brasil\" \/>\n<meta property=\"article:publisher\" content=\"https:\/\/www.facebook.com\/afsbra\/\" \/>\n<meta property=\"article:modified_time\" content=\"2021-08-30T13:27:35+00:00\" \/>\n<meta name=\"twitter:card\" content=\"summary_large_image\" \/>\n<meta name=\"twitter:site\" content=\"@afsbra\" \/>\n<meta name=\"twitter:label1\" content=\"Est. reading time\" \/>\n\t<meta name=\"twitter:data1\" content=\"1 minute\" \/>\n<script type=\"application\/ld+json\" class=\"yoast-schema-graph\">{\"@context\":\"https:\/\/schema.org\",\"@graph\":[{\"@type\":\"WebPage\",\"@id\":\"https:\/\/www.afs.org.br\/en\/bolsas-de-intercambio-bp-afs\/\",\"url\":\"https:\/\/www.afs.org.br\/en\/bolsas-de-intercambio-bp-afs\/\",\"name\":\"BP Global STEM Academies - AFS Intercultura Brasil\",\"isPartOf\":{\"@id\":\"https:\/\/www.afs.org.br\/en\/#website\"},\"datePublished\":\"2018-02-27T14:12:01+00:00\",\"dateModified\":\"2021-08-30T13:27:35+00:00\",\"breadcrumb\":{\"@id\":\"https:\/\/www.afs.org.br\/en\/bolsas-de-intercambio-bp-afs\/#breadcrumb\"},\"inLanguage\":\"en-US\",\"potentialAction\":[{\"@type\":\"ReadAction\",\"target\":[\"https:\/\/www.afs.org.br\/en\/bolsas-de-intercambio-bp-afs\/\"]}]},{\"@type\":\"BreadcrumbList\",\"@id\":\"https:\/\/www.afs.org.br\/en\/bolsas-de-intercambio-bp-afs\/#breadcrumb\",\"itemListElement\":[{\"@type\":\"ListItem\",\"position\":1,\"name\":\"Home\",\"item\":\"https:\/\/brasil.afssite.afs.org\/en\/\"},{\"@type\":\"ListItem\",\"position\":2,\"name\":\"BP Global STEM Academies\"}]},{\"@type\":\"WebSite\",\"@id\":\"https:\/\/www.afs.org.br\/en\/#website\",\"url\":\"https:\/\/www.afs.org.br\/en\/\",\"name\":\"AFS Intercultura Brasil\",\"description\":\"Fa\u00e7a parte do #EfeitoAFS\",\"publisher\":{\"@id\":\"https:\/\/www.afs.org.br\/en\/#organization\"},\"potentialAction\":[{\"@type\":\"SearchAction\",\"target\":{\"@type\":\"EntryPoint\",\"urlTemplate\":\"https:\/\/www.afs.org.br\/en\/?s={search_term_string}\"},\"query-input\":{\"@type\":\"PropertyValueSpecification\",\"valueRequired\":true,\"valueName\":\"search_term_string\"}}],\"inLanguage\":\"en-US\"},{\"@type\":\"Organization\",\"@id\":\"https:\/\/www.afs.org.br\/en\/#organization\",\"name\":\"AFS Brasil\",\"url\":\"https:\/\/www.afs.org.br\/en\/\",\"logo\":{\"@type\":\"ImageObject\",\"inLanguage\":\"en-US\",\"@id\":\"https:\/\/www.afs.org.br\/en\/#\/schema\/logo\/image\/\",\"url\":\"https:\/\/d22dvihj4pfop3.cloudfront.net\/wp-content\/uploads\/sites\/78\/2024\/08\/05102002\/logo-afs.png\",\"contentUrl\":\"https:\/\/d22dvihj4pfop3.cloudfront.net\/wp-content\/uploads\/sites\/78\/2024\/08\/05102002\/logo-afs.png\",\"width\":1080,\"height\":1080,\"caption\":\"AFS Brasil\"},\"image\":{\"@id\":\"https:\/\/www.afs.org.br\/en\/#\/schema\/logo\/image\/\"},\"sameAs\":[\"https:\/\/www.facebook.com\/afsbra\/\",\"https:\/\/x.com\/afsbra\",\"https:\/\/www.instagram.com\/afsbra\/\",\"https:\/\/www.youtube.com\/channel\/UCyD0uwYnI15nPsUu0WLbRwA\"]}]}<\/script>\n<!-- \/ Yoast SEO Premium plugin. -->","yoast_head_json":{"title":"BP Global STEM Academies - AFS Intercultura Brasil","robots":{"index":"index","follow":"follow","max-snippet":"max-snippet:-1","max-image-preview":"max-image-preview:large","max-video-preview":"max-video-preview:-1"},"canonical":"https:\/\/www.afs.org.br\/en\/bolsas-de-intercambio-bp-afs\/","og_locale":"en_US","og_type":"article","og_title":"BP Global STEM Academies","og_description":"Aprenda e cres\u00e7a fazendo: explore a BP Global STEM Academy nas f\u00e9rias de julho! O AFS e a BP fizeram&hellip;","og_url":"https:\/\/www.afs.org.br\/en\/bolsas-de-intercambio-bp-afs\/","og_site_name":"AFS Intercultura Brasil","article_publisher":"https:\/\/www.facebook.com\/afsbra\/","article_modified_time":"2021-08-30T13:27:35+00:00","twitter_card":"summary_large_image","twitter_site":"@afsbra","twitter_misc":{"Est. reading time":"1 minute"},"schema":{"@context":"https:\/\/schema.org","@graph":[{"@type":"WebPage","@id":"https:\/\/www.afs.org.br\/en\/bolsas-de-intercambio-bp-afs\/","url":"https:\/\/www.afs.org.br\/en\/bolsas-de-intercambio-bp-afs\/","name":"BP Global STEM Academies - AFS Intercultura Brasil","isPartOf":{"@id":"https:\/\/www.afs.org.br\/en\/#website"},"datePublished":"2018-02-27T14:12:01+00:00","dateModified":"2021-08-30T13:27:35+00:00","breadcrumb":{"@id":"https:\/\/www.afs.org.br\/en\/bolsas-de-intercambio-bp-afs\/#breadcrumb"},"inLanguage":"en-US","potentialAction":[{"@type":"ReadAction","target":["https:\/\/www.afs.org.br\/en\/bolsas-de-intercambio-bp-afs\/"]}]},{"@type":"BreadcrumbList","@id":"https:\/\/www.afs.org.br\/en\/bolsas-de-intercambio-bp-afs\/#breadcrumb","itemListElement":[{"@type":"ListItem","position":1,"name":"Home","item":"https:\/\/brasil.afssite.afs.org\/en\/"},{"@type":"ListItem","position":2,"name":"BP Global STEM Academies"}]},{"@type":"WebSite","@id":"https:\/\/www.afs.org.br\/en\/#website","url":"https:\/\/www.afs.org.br\/en\/","name":"AFS Intercultura Brasil","description":"Fa\u00e7a parte do #EfeitoAFS","publisher":{"@id":"https:\/\/www.afs.org.br\/en\/#organization"},"potentialAction":[{"@type":"SearchAction","target":{"@type":"EntryPoint","urlTemplate":"https:\/\/www.afs.org.br\/en\/?s={search_term_string}"},"query-input":{"@type":"PropertyValueSpecification","valueRequired":true,"valueName":"search_term_string"}}],"inLanguage":"en-US"},{"@type":"Organization","@id":"https:\/\/www.afs.org.br\/en\/#organization","name":"AFS Brasil","url":"https:\/\/www.afs.org.br\/en\/","logo":{"@type":"ImageObject","inLanguage":"en-US","@id":"https:\/\/www.afs.org.br\/en\/#\/schema\/logo\/image\/","url":"https:\/\/d22dvihj4pfop3.cloudfront.net\/wp-content\/uploads\/sites\/78\/2024\/08\/05102002\/logo-afs.png","contentUrl":"https:\/\/d22dvihj4pfop3.cloudfront.net\/wp-content\/uploads\/sites\/78\/2024\/08\/05102002\/logo-afs.png","width":1080,"height":1080,"caption":"AFS Brasil"},"image":{"@id":"https:\/\/www.afs.org.br\/en\/#\/schema\/logo\/image\/"},"sameAs":["https:\/\/www.facebook.com\/afsbra\/","https:\/\/x.com\/afsbra","https:\/\/www.instagram.com\/afsbra\/","https:\/\/www.youtube.com\/channel\/UCyD0uwYnI15nPsUu0WLbRwA"]}]}},"ticketed":false,"_links":{"self":[{"href":"https:\/\/www.afs.org.br\/en\/wp-json\/wp\/v2\/pages\/17589","targetHints":{"allow":["GET"]}}],"collection":[{"href":"https:\/\/www.afs.org.br\/en\/wp-json\/wp\/v2\/pages"}],"about":[{"href":"https:\/\/www.afs.org.br\/en\/wp-json\/wp\/v2\/types\/page"}],"author":[{"embeddable":true,"href":"https:\/\/www.afs.org.br\/en\/wp-json\/wp\/v2\/users\/240"}],"replies":[{"embeddable":true,"href":"https:\/\/www.afs.org.br\/en\/wp-json\/wp\/v2\/comments?post=17589"}],"version-history":[{"count":11,"href":"https:\/\/www.afs.org.br\/en\/wp-json\/wp\/v2\/pages\/17589\/revisions"}],"predecessor-version":[{"id":24290,"href":"https:\/\/www.afs.org.br\/en\/wp-json\/wp\/v2\/pages\/17589\/revisions\/24290"}],"wp:attachment":[{"href":"https:\/\/www.afs.org.br\/en\/wp-json\/wp\/v2\/media?parent=17589"}],"curies":[{"name":"wp","href":"https:\/\/api.w.org\/{rel}","templated":true}]}}